{"id":4553,"date":"2019-11-16T19:16:40","date_gmt":"2019-11-16T19:16:40","guid":{"rendered":"http:\/\/namla.us\/NAMLAWP\/?page_id=4553"},"modified":"2019-11-16T22:35:25","modified_gmt":"2019-11-16T22:35:25","slug":"botero-on-lincoln-road","status":"publish","type":"page","link":"https:\/\/namla.us\/NAMLAWP\/news\/botero-on-lincoln-road\/","title":{"rendered":"BOTERO ON LINCOLN ROAD"},"content":{"rendered":"\n<p><strong>BOTERO ON LINCOLN ROAD<\/strong><\/p>\n\n\n\n<p><strong>MONUMENTAL SCULTURE <\/strong>                                                                                                                                 <\/p>\n\n\n\n<p>NOV 21 2019 &#8211; MARCH 31 2020                                                                          <\/p>\n\n\n\n<p>NADER MUSEUM                                                                                                                  <\/p>\n\n\n\n<p>Lincoln Road Business Improvement District <\/p>\n\n\n\n<p>The Lincoln Road Business Improvement District (BID) and the&nbsp;<strong>Nader Art Museum<\/strong>&nbsp;will exhibit 13 monumental Botero sculptures on the pedestrian promenade.<br><\/p>\n\n\n\n<p>Miami Beach\u2019s Lincoln Road District will further enhance its arts and culture experience by exhibiting 13 monumental bronze sculptures by world renowned Colombian artist Fernando Botero, presented by the\u00a0<strong>Nader Art Museum<\/strong>.<\/p>\n\n\n\n<p><br>Considered the most recognized and quoted living artist from Latin America, Botero\u2019s groundbreaking outdoor sculptures have been exhibited in the most prominent locations throughout the world including the Champs-\u00c9lys\u00e9es in Paris, Yebisu Garen in Tokyo, Lustagrten in Berlin, Park Avenue in New York City, and will now be present in epicenter of Miami Beach \u2013 Lincoln Road.<\/p>\n\n\n\n<p><br>\u201cFernando Botero is one of the world\u2019s most iconic and recognized Masters. He has certainly earned his place in history,\u201d said Gary Nader, Founder of&nbsp;<strong>Nader Art Museum<\/strong>. \u201cBeing around his artwork is pleasing to the eye and brings a smile to the face of all of those who see it. This exhibition on Lincoln Road will allow visitors and locals to get a closer look at Botero\u2019s most celebrated monumental masterpieces.\u201d<\/p>\n\n\n\n<p><br>\u201cTourists and locals are increasingly looking for one-of-a-kind experiences that bring people together and showcase the unique aspects of a community, and Lincoln Road is the perfect venue for doing just that,\u201d said Timothy Schmand, executive director of the Lincoln Road Business Improvement District (BID). Working in partnership with the&nbsp;<strong>Nader Art Museum<\/strong>&nbsp;to bring Botero\u2019s esteemed outdoor exhibition to Miami Beach\u2019s Lincoln Road is yet another way we are committed to continuously elevating our cultural programming and ensuring Lincoln Road remains a place where people can experience arts, culture, events, and entertainment, all free of cost.&nbsp;<\/p>\n\n\n\n<p><br>Estimated 6 million visitors accessing the promenade through the Alton Road entrance will be welcomed by one of Botero\u2019s most illustrious sculptures \u201cMale Torso.\u201d Stroll further, and visitors will come across \u201cRape of Europa,\u201d \u201cLeda and the Swan,\u201d and \u201cBird,\u201d among others. Those entering from Washington Avenue will be greeted by \u201cAdam\u201d and \u201cEve\u201d sculptures. In addition to the monumental sculptures, the&nbsp;<strong>Nader Art Museum<\/strong>&nbsp;will present \u2018Espacio Botero,\u2019 to further showcase the prolific artist\u2019s beautiful paintings and stunning sculptures.&nbsp;<\/p>\n\n\n\n<p><br>Botero, with his immense sculptures, manipulates forms, proportions, volumes, and sizes to create smooth, round, and plump humans and animals that transform their surroundings and generate an immediate response from the viewer. He once said of his sculptures, \u201cI never give particular traits to my figures. I don\u2019t want them to have personality, but rather represent a type that I create. My sculptures do not carry any messages, social or otherwise. What matters for me is the form, the voluptuous surfaces, which emphasize the sensuality of my work. I like the enormous size; it is the fulfillment of my longing for voluptuous round forms.\u201d<\/p>\n\n\n\n<p><br>What: The Lincoln Road Business Improvement District (BID) and the&nbsp;<strong>Nader Art Museum&nbsp;<\/strong>presents&nbsp;<strong>Botero at Lincoln Road<\/strong><br>When: November 21. 2019 through February 20, 2020.What: The Lincoln Road Business Improvement District (BID) and the Gary Nader Art Centre presents&nbsp;<strong>Botero on Lincoln Road. Monumental Sculpture<\/strong><\/p>\n\n\n\n<p><br><strong>When:&nbsp;<\/strong>November 21. 2019 through March 31, 2020.<\/p>\n\n\n\n<p><strong>Where:<\/strong>&nbsp;Lincoln Road, Miami Beach.<\/p>\n\n\n\n<div class=\"wp-block-image\"><figure class=\"aligncenter\"><img loading=\"lazy\" decoding=\"async\" width=\"1024\" height=\"768\" src=\"https:\/\/namla.us\/NAMLAWP\/wp-content\/uploads\/2019\/11\/DSC00391-1024x768.jpg\" alt=\"\" class=\"wp-image-4558\" srcset=\"https:\/\/namla.us\/NAMLAWP\/wp-content\/uploads\/2019\/11\/DSC00391-1024x768.jpg 1024w, https:\/\/namla.us\/NAMLAWP\/wp-content\/uploads\/2019\/11\/DSC00391-300x225.jpg 300w, https:\/\/namla.us\/NAMLAWP\/wp-content\/uploads\/2019\/11\/DSC00391-768x576.jpg 768w\" sizes=\"auto, (max-width: 1024px) 100vw, 1024px\" \/><\/figure><\/div>\n\n\n\n<p><strong>About Fernando Botero<\/strong><\/p>\n\n\n\n<p>Fernando Botero was born in Medellin, Colombia in 1932. He moved to Bogota in 1951 and held his first one-man exhibition. The following year, he won second place in the National Salon in Bogot\u00e1. With the money he earned from the award, he traveled to Madrid and Rome to study the works of old-world masters. In 1960, Botero moved to New York where he later won the Guggenheim National Prize for Colombia. Over the next few years, Botero began to develop his trademark style. The small-town life he experienced as a child and the Colombian people of his youth would become his richest source of inspiration. In 1973, Botero moved to Paris and began making sculptures. Botero has achieved international recognition for his painting, drawings, sculptures, and exhibitions around the world. His art is collected by many major international museums, corporations, and private collectors.<\/p>\n\n\n\n<div class=\"wp-block-image\"><figure class=\"aligncenter\"><img loading=\"lazy\" decoding=\"async\" width=\"1024\" height=\"683\" src=\"https:\/\/namla.us\/NAMLAWP\/wp-content\/uploads\/2016\/04\/IMG_2162-1024x683.jpg\" alt=\"\" class=\"wp-image-4296\" srcset=\"https:\/\/namla.us\/NAMLAWP\/wp-content\/uploads\/2016\/04\/IMG_2162-1024x683.jpg 1024w, https:\/\/namla.us\/NAMLAWP\/wp-content\/uploads\/2016\/04\/IMG_2162-300x200.jpg 300w, https:\/\/namla.us\/NAMLAWP\/wp-content\/uploads\/2016\/04\/IMG_2162-768x512.jpg 768w\" sizes=\"auto, (max-width: 1024px) 100vw, 1024px\" \/><\/figure><\/div>\n\n\n\n<p><strong>About Nader Art Museum<\/strong><\/p>\n\n\n\n<p>It is one of the most important venues in North America. The museum is dedicated to showcasing a myriad of acclaimed art that fosters knowledge through a continuous process of appreciation and reinterpretation of modern and contemporary art from Latin American and its diaspora. <\/p>\n\n\n\n<p>Through a permanent collection of paintings, drawings, sculptures, photography, installations and other media, the museum&#8217;s audience can experience and appreciate what is considered to be one of the world&#8217;s most significant regions of today&#8217;s Contemporary art scene. The museum&#8217;s collection originates from Gary&#8217;s private collection, which he has amassed throughout his career as a gallerist. The collection features pieces from acclaimed Master of Art, including: Acosta Leon, Alfonzo, Atchugarry, Bedia, Bermudez, Botero, Bravo, Carre\u00f1o, Cruz-Diez, de Szyszlo, Di Cavalcanti, Figari, Guayasamin, Kuitca, Lam, Larraz, Matta, Mendive, Milhazes, Morales, Mu\u00f1iz, Mu\u00f1oz Vera, Negret, Pelaez, Pettoruti, Ponce de Leon, Portinari, Portocarrero, Rivera, Segui, Soto, Tamayo, Torres Garcia, Z\u00e1rraga, and many more.<\/p>\n\n\n\n<p><a rel=\"noreferrer noopener\" href=\"http:\/\/www.namla.us\/\" target=\"_blank\">www.namla.us<\/a><\/p>\n\n\n\n<div class=\"wp-block-image\"><figure class=\"aligncenter\"><img loading=\"lazy\" decoding=\"async\" width=\"1024\" height=\"614\" src=\"https:\/\/namla.us\/NAMLAWP\/wp-content\/uploads\/2019\/11\/BOTERO-installation-041519-3_Page_9-1024x614.jpg\" alt=\"\" class=\"wp-image-4557\" srcset=\"https:\/\/namla.us\/NAMLAWP\/wp-content\/uploads\/2019\/11\/BOTERO-installation-041519-3_Page_9-1024x614.jpg 1024w, https:\/\/namla.us\/NAMLAWP\/wp-content\/uploads\/2019\/11\/BOTERO-installation-041519-3_Page_9-300x180.jpg 300w, https:\/\/namla.us\/NAMLAWP\/wp-content\/uploads\/2019\/11\/BOTERO-installation-041519-3_Page_9-768x461.jpg 768w, https:\/\/namla.us\/NAMLAWP\/wp-content\/uploads\/2019\/11\/BOTERO-installation-041519-3_Page_9.jpg 2000w\" sizes=\"auto, (max-width: 1024px) 100vw, 1024px\" \/><\/figure><\/div>\n\n\n\n<p><strong>About Lincoln Road<\/strong><\/p>\n\n\n\n<p>Affectionately referred to by some as Miami\u2019s living room, there is nothing as quintessentially Miami Beach as Lincoln Road. It\u2019s the street where models walk their dogs after runway shows, where stylish boulevardiers stroll past window shoppers, and where caf\u00e9 culture overrules standard business meetings.<\/p>\n\n\n\n<p><br>Lincoln Road has reached critical mass, and with due reason. The pedestrian promenade is home to the best of everything. Best places to shop? Try hyper-trendy boutiques like Alchemist and Intermix or national cult favorites like Lululemon. Even popular nationwide stores are more interesting here &#8211; Banana Republic is in a former bank building, Guess is inside a former Cadillac dealership (complete with its original exterior signage), and All Saints Spitalfields is housed in a synagogue-turned-Jehovah\u2019s Witness temple. Looking for the best place to eat, but overwhelmed by Yelp reviews? Head over to Lincoln Road\u2019s new Time Out Market and try a bit of everything \u2013 the food hall features 17 local chefs and boasts, not one, but three bars. Music and entertainment lovers will find refuge in the Lincoln Road District \u2013 home to the Fillmore, New World Symphony, Colony Theater, and Regal South Beach movie theater. Steps away is the newly remodeled Miami Beach Convention Center, which welcomes world-renowned Art Basel every December. Even the parking garages on Lincoln Road are a cut above the rest. Considered \u201ccarchitecture,\u201d the Herzog &amp; de Meuron-designed 1111 Lincoln Road building is a modern masterpiece and magnet for photographers, social media influencers, locals, and tourists alike.<\/p>\n\n\n\n<p><a rel=\"noreferrer noopener\" href=\"http:\/\/www.lincolnrd.com\/\" target=\"_blank\">www.lincolnrd.com<\/a><\/p>\n","protected":false},"excerpt":{"rendered":"<p>BOTERO ON LINCOLN ROAD MONUMENTAL SCULTURE NOV 21 2019 &#8211; MARCH 31 2020 NADER MUSEUM Lincoln Road Business Improvement District The Lincoln Road Business Improvement District (BID) and the&nbsp;Nader Art Museum&nbsp;will exhibit 13 monumental Botero sculptures on the pedestrian promenade. Miami Beach\u2019s Lincoln Road District will further enhance its arts and culture experience by exhibiting &hellip;<\/p>\n","protected":false},"author":2,"featured_media":4531,"parent":574,"menu_order":0,"comment_status":"closed","ping_status":"closed","template":"","meta":{"footnotes":""},"class_list":["post-4553","page","type-page","status-publish","has-post-thumbnail","hentry","has-thumb"],"_links":{"self":[{"href":"https:\/\/namla.us\/NAMLAWP\/wp-json\/wp\/v2\/pages\/4553","targetHints":{"allow":["GET"]}}],"collection":[{"href":"https:\/\/namla.us\/NAMLAWP\/wp-json\/wp\/v2\/pages"}],"about":[{"href":"https:\/\/namla.us\/NAMLAWP\/wp-json\/wp\/v2\/types\/page"}],"author":[{"embeddable":true,"href":"https:\/\/namla.us\/NAMLAWP\/wp-json\/wp\/v2\/users\/2"}],"replies":[{"embeddable":true,"href":"https:\/\/namla.us\/NAMLAWP\/wp-json\/wp\/v2\/comments?post=4553"}],"version-history":[{"count":7,"href":"https:\/\/namla.us\/NAMLAWP\/wp-json\/wp\/v2\/pages\/4553\/revisions"}],"predecessor-version":[{"id":4576,"href":"https:\/\/namla.us\/NAMLAWP\/wp-json\/wp\/v2\/pages\/4553\/revisions\/4576"}],"up":[{"embeddable":true,"href":"https:\/\/namla.us\/NAMLAWP\/wp-json\/wp\/v2\/pages\/574"}],"wp:featuredmedia":[{"embeddable":true,"href":"https:\/\/namla.us\/NAMLAWP\/wp-json\/wp\/v2\/media\/4531"}],"wp:attachment":[{"href":"https:\/\/namla.us\/NAMLAWP\/wp-json\/wp\/v2\/media?parent=4553"}],"curies":[{"name":"wp","href":"https:\/\/api.w.org\/{rel}","templated":true}]}}